{"id":11361,"date":"2020-06-10T11:50:41","date_gmt":"2020-06-10T09:50:41","guid":{"rendered":"https:\/\/esmevi.com\/?page_id=11361"},"modified":"2025-09-19T13:52:48","modified_gmt":"2025-09-19T11:52:48","slug":"qui-som","status":"publish","type":"page","link":"https:\/\/esmevi.com\/ca\/qui-som\/","title":{"rendered":"\u00bfQui som?"},"content":{"rendered":"\t\t<div data-elementor-type=\"wp-page\" data-elementor-id=\"11361\" class=\"elementor elementor-11361 elementor-360\">\n\t\t\t\t\t\t\t\t\t<section class=\"elementor-section elementor-top-section elementor-element elementor-element-3924960 elementor-reverse-mobile elementor-section-boxed elementor-section-height-default elementor-section-height-default\" data-id=\"3924960\" data-element_type=\"section\">\n\t\t\t\t\t\t<div class=\"elementor-container elementor-column-gap-default\">\n\t\t\t\t\t<div class=\"elementor-column elementor-col-50 elementor-top-column elementor-element elementor-element-9d4254b\" data-id=\"9d4254b\" data-element_type=\"column\">\n\t\t\t<div class=\"elementor-widget-wrap elementor-element-populated\">\n\t\t\t\t\t\t\t\t<div class=\"elementor-element elementor-element-b7996aa elementor-widget elementor-widget-image\" data-id=\"b7996aa\" data-element_type=\"widget\" data-widget_type=\"image.default\">\n\t\t\t\t<div class=\"elementor-widget-container\">\n\t\t\t<style>\/*! elementor - v3.17.0 - 08-11-2023 *\/\n.elementor-widget-image{text-align:center}.elementor-widget-image a{display:inline-block}.elementor-widget-image a img[src$=\".svg\"]{width:48px}.elementor-widget-image img{vertical-align:middle;display:inline-block}<\/style>\t\t\t\t\t\t\t\t\t\t\t\t<img fetchpriority=\"high\" decoding=\"async\" width=\"638\" height=\"333\" src=\"https:\/\/esmevi.com\/wp-content\/uploads\/2023\/11\/Home-esmevi.jpg\" class=\"attachment-full size-full wp-image-11239\" alt=\"Instalaciones de Esmevi - Estampats de metalls\" srcset=\"https:\/\/esmevi.com\/wp-content\/uploads\/2023\/11\/Home-esmevi.jpg 638w, https:\/\/esmevi.com\/wp-content\/uploads\/2023\/11\/Home-esmevi-300x157.jpg 300w\" sizes=\"(max-width: 638px) 100vw, 638px\" \/>\t\t\t\t\t\t\t\t\t\t\t\t\t\t\t<\/div>\n\t\t\t\t<\/div>\n\t\t\t\t\t<\/div>\n\t\t<\/div>\n\t\t\t\t<div class=\"elementor-column elementor-col-50 elementor-top-column elementor-element elementor-element-3adf1c4\" data-id=\"3adf1c4\" data-element_type=\"column\">\n\t\t\t<div class=\"elementor-widget-wrap elementor-element-populated\">\n\t\t\t\t\t\t\t\t<div class=\"elementor-element elementor-element-325c860 elementor-widget elementor-widget-heading\" data-id=\"325c860\" data-element_type=\"widget\" data-widget_type=\"heading.default\">\n\t\t\t\t<div class=\"elementor-widget-container\">\n\t\t\t<style>\/*! elementor - v3.17.0 - 08-11-2023 *\/\n.elementor-heading-title{padding:0;margin:0;line-height:1}.elementor-widget-heading .elementor-heading-title[class*=elementor-size-]>a{color:inherit;font-size:inherit;line-height:inherit}.elementor-widget-heading .elementor-heading-title.elementor-size-small{font-size:15px}.elementor-widget-heading .elementor-heading-title.elementor-size-medium{font-size:19px}.elementor-widget-heading .elementor-heading-title.elementor-size-large{font-size:29px}.elementor-widget-heading .elementor-heading-title.elementor-size-xl{font-size:39px}.elementor-widget-heading .elementor-heading-title.elementor-size-xxl{font-size:59px}<\/style><h1 class=\"elementor-heading-title elementor-size-default\">Sobre nosaltres<\/h1>\t\t<\/div>\n\t\t\t\t<\/div>\n\t\t\t\t<div class=\"elementor-element elementor-element-00d7f67 elementor-widget elementor-widget-text-editor\" data-id=\"00d7f67\" data-element_type=\"widget\" data-widget_type=\"text-editor.default\">\n\t\t\t\t<div class=\"elementor-widget-container\">\n\t\t\t<style>\/*! elementor - v3.17.0 - 08-11-2023 *\/\n.elementor-widget-text-editor.elementor-drop-cap-view-stacked .elementor-drop-cap{background-color:#69727d;color:#fff}.elementor-widget-text-editor.elementor-drop-cap-view-framed .elementor-drop-cap{color:#69727d;border:3px solid;background-color:transparent}.elementor-widget-text-editor:not(.elementor-drop-cap-view-default) .elementor-drop-cap{margin-top:8px}.elementor-widget-text-editor:not(.elementor-drop-cap-view-default) .elementor-drop-cap-letter{width:1em;height:1em}.elementor-widget-text-editor .elementor-drop-cap{float:left;text-align:center;line-height:1;font-size:50px}.elementor-widget-text-editor .elementor-drop-cap-letter{display:inline-block}<\/style>\t\t\t\t<p><span style=\"font-weight: 400;\">Empresa familiar <\/span><b>fundada el 1928 per Miguel Vidal Bofill<\/b><span style=\"font-weight: 400;\">, actualment compta amb la 4a generaci\u00f3 al capdavant de la societat. Els gaireb\u00e9 <\/span><b>100 anys<\/b><span style=\"font-weight: 400;\"> de continu desenvolupament del negoci han portat a l&#8217;empresa a ser el prove\u00efdor de refer\u00e8ncia dels principals fabricants de m\u00e0necs, tant a nivell nacional com internacional.<\/span><\/p>\n<p><span style=\"font-weight: 400;\">La qualitat dels productes, experi\u00e8ncia i servei al client de la companyia s\u00f3n les millors cartes de presentaci\u00f3 de <strong>ESMEVI<\/strong> (nom comercial de ESMETAVI, S.L.U.)<\/span><span style=\"font-weight: 400;\">, una empresa amb molta hist\u00f2ria, gaireb\u00e9 100 anys d&#8217;experi\u00e8ncia.<\/span><\/p>\n<p><span style=\"font-weight: 400;\">Amb unes <\/span><b>instal\u00b7lacions de 1.500 m\u00b2<\/b><span style=\"font-weight: 400;\">, un equip hum\u00e0 compost per personal qualificat i molts anys d&#8217;experi\u00e8ncia, <\/span><b>ESMEVI <\/b><span style=\"font-weight: 400;\">orienta el seu negoci tant al<\/span><b> mercat nacional com internacional.<\/b><span style=\"font-weight: 400;\"> Destina m\u00e9s d&#8217;un 20% de la seva producci\u00f3 a clients en pa\u00efsos com <\/span><i><span style=\"font-weight: 400;\">Fran\u00e7a, It\u00e0lia, Portugal, Alemanya, Eslov\u00e0quia, Tun\u00edsia, Alg\u00e8ria o el Marroc.<\/span><\/i><\/p>\n<p><b>ESMEVI <\/b><span style=\"font-weight: 400;\">concentra la competitivitat del seu negoci en un concepte global de qualitat tant de productes, de processos i de gesti\u00f3. La <\/span><b>qualitat <\/b><span style=\"font-weight: 400;\">\u00e9s el factor diferencial que distingeix els nostres productes i serveis en el mercat. \u00c9s la clau del nivell d&#8217;excel\u00b7l\u00e8ncia que ens imposem en la nostra relaci\u00f3 amb clients tant externs com interns.<\/span><\/p>\t\t\t\t\t\t<\/div>\n\t\t\t\t<\/div>\n\t\t\t\t\t<\/div>\n\t\t<\/div>\n\t\t\t\t\t\t\t<\/div>\n\t\t<\/section>\n\t\t\t\t\t\t\t<\/div>\n\t\t","protected":false},"excerpt":{"rendered":"<p>Sobre nosaltres Empresa familiar fundada el 1928 per Miguel Vidal Bofill, actualment compta amb la 4a generaci\u00f3 al capdavant de la societat. Els gaireb\u00e9 100 anys de continu desenvolupament del negoci han portat a l&#8217;empresa a ser el prove\u00efdor de refer\u00e8ncia dels principals fabricants de m\u00e0necs, tant a nivell nacional com internacional. La qualitat dels [&hellip;]<\/p>\n","protected":false},"author":1,"featured_media":0,"parent":0,"menu_order":0,"comment_status":"closed","ping_status":"closed","template":"template-home.php","meta":{"footnotes":""},"class_list":["post-11361","page","type-page","status-publish","hentry"],"yoast_head":"<!-- This site is optimized with the Yoast SEO plugin v21.9.1 - https:\/\/yoast.com\/wordpress\/plugins\/seo\/ -->\n<title>Empresa d&#039;estampaci\u00f3 en metall fred. Empresa de qualitat<\/title>\n<meta name=\"description\" content=\"Empresa d&#039;estampaci\u00f3 en metall fred. Explora la innovaci\u00f3 amb la nostra empresa d\u02bbestampaci\u00f3 en metall fred\" \/>\n<meta name=\"robots\" content=\"index, follow, max-snippet:-1, max-image-preview:large, max-video-preview:-1\" \/>\n<link rel=\"canonical\" href=\"https:\/\/esmevi.com\/ca\/qui-som\/\" \/>\n<meta property=\"og:locale\" content=\"ca_ES\" \/>\n<meta property=\"og:type\" content=\"article\" \/>\n<meta property=\"og:title\" content=\"Empresa d&#039;estampaci\u00f3 en metall fred. Empresa de qualitat\" \/>\n<meta property=\"og:description\" content=\"Empresa d&#039;estampaci\u00f3 en metall fred. Explora la innovaci\u00f3 amb la nostra empresa d\u02bbestampaci\u00f3 en metall fred\" \/>\n<meta property=\"og:url\" content=\"https:\/\/esmevi.com\/ca\/qui-som\/\" \/>\n<meta property=\"og:site_name\" content=\"ESMETAVI SLU\" \/>\n<meta property=\"article:modified_time\" content=\"2025-09-19T11:52:48+00:00\" \/>\n<meta property=\"og:image\" content=\"https:\/\/esmevi.com\/wp-content\/uploads\/2023\/11\/Home-esmevi.jpg\" \/>\n<meta name=\"twitter:card\" content=\"summary_large_image\" \/>\n<meta name=\"twitter:label1\" content=\"Temps estimat de lectura\" \/>\n\t<meta name=\"twitter:data1\" content=\"2 minuts\" \/>\n<script type=\"application\/ld+json\" class=\"yoast-schema-graph\">{\"@context\":\"https:\/\/schema.org\",\"@graph\":[{\"@type\":\"WebPage\",\"@id\":\"https:\/\/esmevi.com\/ca\/qui-som\/\",\"url\":\"https:\/\/esmevi.com\/ca\/qui-som\/\",\"name\":\"Empresa d'estampaci\u00f3 en metall fred. Empresa de qualitat\",\"isPartOf\":{\"@id\":\"https:\/\/esmevi.com\/ca\/#website\"},\"datePublished\":\"2020-06-10T09:50:41+00:00\",\"dateModified\":\"2025-09-19T11:52:48+00:00\",\"description\":\"Empresa d'estampaci\u00f3 en metall fred. Explora la innovaci\u00f3 amb la nostra empresa d\u02bbestampaci\u00f3 en metall fred\",\"breadcrumb\":{\"@id\":\"https:\/\/esmevi.com\/ca\/qui-som\/#breadcrumb\"},\"inLanguage\":\"ca\",\"potentialAction\":[{\"@type\":\"ReadAction\",\"target\":[\"https:\/\/esmevi.com\/ca\/qui-som\/\"]}]},{\"@type\":\"BreadcrumbList\",\"@id\":\"https:\/\/esmevi.com\/ca\/qui-som\/#breadcrumb\",\"itemListElement\":[{\"@type\":\"ListItem\",\"position\":1,\"name\":\"Portada\",\"item\":\"https:\/\/esmevi.com\/ca\/\"},{\"@type\":\"ListItem\",\"position\":2,\"name\":\"\u00bfQui som?\"}]},{\"@type\":\"WebSite\",\"@id\":\"https:\/\/esmevi.com\/ca\/#website\",\"url\":\"https:\/\/esmevi.com\/ca\/\",\"name\":\"ESMETAVI SLU\",\"description\":\"Virolas met\u00e1licas para mangos\",\"potentialAction\":[{\"@type\":\"SearchAction\",\"target\":{\"@type\":\"EntryPoint\",\"urlTemplate\":\"https:\/\/esmevi.com\/ca\/?s={search_term_string}\"},\"query-input\":\"required name=search_term_string\"}],\"inLanguage\":\"ca\"}]}<\/script>\n<!-- \/ Yoast SEO plugin. -->","yoast_head_json":{"title":"Empresa d'estampaci\u00f3 en metall fred. Empresa de qualitat","description":"Empresa d'estampaci\u00f3 en metall fred. Explora la innovaci\u00f3 amb la nostra empresa d\u02bbestampaci\u00f3 en metall fred","robots":{"index":"index","follow":"follow","max-snippet":"max-snippet:-1","max-image-preview":"max-image-preview:large","max-video-preview":"max-video-preview:-1"},"canonical":"https:\/\/esmevi.com\/ca\/qui-som\/","og_locale":"ca_ES","og_type":"article","og_title":"Empresa d'estampaci\u00f3 en metall fred. Empresa de qualitat","og_description":"Empresa d'estampaci\u00f3 en metall fred. Explora la innovaci\u00f3 amb la nostra empresa d\u02bbestampaci\u00f3 en metall fred","og_url":"https:\/\/esmevi.com\/ca\/qui-som\/","og_site_name":"ESMETAVI SLU","article_modified_time":"2025-09-19T11:52:48+00:00","og_image":[{"url":"https:\/\/esmevi.com\/wp-content\/uploads\/2023\/11\/Home-esmevi.jpg"}],"twitter_card":"summary_large_image","twitter_misc":{"Temps estimat de lectura":"2 minuts"},"schema":{"@context":"https:\/\/schema.org","@graph":[{"@type":"WebPage","@id":"https:\/\/esmevi.com\/ca\/qui-som\/","url":"https:\/\/esmevi.com\/ca\/qui-som\/","name":"Empresa d'estampaci\u00f3 en metall fred. Empresa de qualitat","isPartOf":{"@id":"https:\/\/esmevi.com\/ca\/#website"},"datePublished":"2020-06-10T09:50:41+00:00","dateModified":"2025-09-19T11:52:48+00:00","description":"Empresa d'estampaci\u00f3 en metall fred. Explora la innovaci\u00f3 amb la nostra empresa d\u02bbestampaci\u00f3 en metall fred","breadcrumb":{"@id":"https:\/\/esmevi.com\/ca\/qui-som\/#breadcrumb"},"inLanguage":"ca","potentialAction":[{"@type":"ReadAction","target":["https:\/\/esmevi.com\/ca\/qui-som\/"]}]},{"@type":"BreadcrumbList","@id":"https:\/\/esmevi.com\/ca\/qui-som\/#breadcrumb","itemListElement":[{"@type":"ListItem","position":1,"name":"Portada","item":"https:\/\/esmevi.com\/ca\/"},{"@type":"ListItem","position":2,"name":"\u00bfQui som?"}]},{"@type":"WebSite","@id":"https:\/\/esmevi.com\/ca\/#website","url":"https:\/\/esmevi.com\/ca\/","name":"ESMETAVI SLU","description":"Virolas met\u00e1licas para mangos","potentialAction":[{"@type":"SearchAction","target":{"@type":"EntryPoint","urlTemplate":"https:\/\/esmevi.com\/ca\/?s={search_term_string}"},"query-input":"required name=search_term_string"}],"inLanguage":"ca"}]}},"_links":{"self":[{"href":"https:\/\/esmevi.com\/ca\/wp-json\/wp\/v2\/pages\/11361","targetHints":{"allow":["GET"]}}],"collection":[{"href":"https:\/\/esmevi.com\/ca\/wp-json\/wp\/v2\/pages"}],"about":[{"href":"https:\/\/esmevi.com\/ca\/wp-json\/wp\/v2\/types\/page"}],"author":[{"embeddable":true,"href":"https:\/\/esmevi.com\/ca\/wp-json\/wp\/v2\/users\/1"}],"replies":[{"embeddable":true,"href":"https:\/\/esmevi.com\/ca\/wp-json\/wp\/v2\/comments?post=11361"}],"version-history":[{"count":10,"href":"https:\/\/esmevi.com\/ca\/wp-json\/wp\/v2\/pages\/11361\/revisions"}],"predecessor-version":[{"id":12049,"href":"https:\/\/esmevi.com\/ca\/wp-json\/wp\/v2\/pages\/11361\/revisions\/12049"}],"wp:attachment":[{"href":"https:\/\/esmevi.com\/ca\/wp-json\/wp\/v2\/media?parent=11361"}],"curies":[{"name":"wp","href":"https:\/\/api.w.org\/{rel}","templated":true}]}}