{"id":11445,"date":"2023-11-21T22:15:31","date_gmt":"2023-11-21T21:15:31","guid":{"rendered":"https:\/\/esmevi.com\/?page_id=11445"},"modified":"2025-09-12T09:46:30","modified_gmt":"2025-09-12T07:46:30","slug":"politica-de-privadesa","status":"publish","type":"page","link":"https:\/\/esmevi.com\/ca\/politica-de-privadesa\/","title":{"rendered":"Pol\u00edtica de privadesa"},"content":{"rendered":"\n<p><strong>INTRODUCCI\u00d3<\/strong><\/p>\n\n\n\n<p>La seva privacitat \u00e9s important per a nosaltres, aix\u00ed que, mitjan\u00e7ant aquest document, li expliquem quines dades recollim dels usuaris, com els utilitzem i per a qu\u00e8, entre altres indicacions.&nbsp;<\/p>\n\n\n\n<p>Per a la seva informaci\u00f3, mai demanarem m\u00e9s informaci\u00f3 de la que realment necessitarem per als serveis requerits; mai la compartirem amb tercers, excepte per obligaci\u00f3 legal o amb la seva autoritzaci\u00f3 pr\u00e8via; i mai utilitzarem les seves dades per a una altra finalitat no indicada pr\u00e8viament.<\/p>\n\n\n\n<p>Com a usuari, haur\u00e0 de llegir atentament aquesta Pol\u00edtica de privacitat de manera regular, i sempre que introdueixi les seves dades personals, ja que aquest document pot sofrir modificacions, ja que el prestador pot modificar qualsevol mena d&#8217;informaci\u00f3 que pogu\u00e9s apar\u00e8ixer en la web per a complir amb la normativa o actualitzar la pol\u00edtica, i sense que existeixi l&#8217;obligaci\u00f3 de preavisar o posar en coneixement dels usuaris aquestes obligacions, sent suficients la publicaci\u00f3 en el lloc web del prestador.<\/p>\n\n\n\n<p><strong>RESPONSABLE DEL TRACTAMENT:<\/strong><\/p>\n\n\n\n<p>Identidad: <strong>Esmetavi SLU<\/strong><\/p>\n\n\n\n<p>NIF: <strong>B64297708<\/strong><\/p>\n\n\n\n<p>Direcci\u00f3n postal: <strong>Ter 44, 08570 Torello<\/strong><\/p>\n\n\n\n<p>Correo electr\u00f3nico: <strong>info@esmevi.com<\/strong><\/p>\n\n\n\n<p><strong><strong>Esmetavi SLU<\/strong><\/strong>, com a responsable del lloc web, de conformitat amb el que es disposa en el Reglament (UE) 2016\/679 de 27 d&#8217;abril de 2016 (RGPD) relatiu a la protecci\u00f3 de les persones f\u00edsiques pel que fa al tractament de dades personals ja la lliure circulaci\u00f3 d&#8217;aquestes dades i altra normativa vigent en mat\u00e8ria de protecci\u00f3 de dades personals, i per la Llei 34\/2002, d&#8217;11 de juliol, de Serveis de la Societat de la Informaci\u00f3 i del Comer\u00e7 Electr\u00f2nic (LSSICE), l&#8217;informa que t\u00e9 implementades les mesures de seguretat necess\u00e0ries, d&#8217;\u00edndole t\u00e8cnica i organitzatives, per a garantir i protegir la confidencialitat, integritat i disponibilitat de les dades introdu\u00efdes.<\/p>\n\n\n\n<p>M\u00c8TODE D&#8217;OBTENCI\u00d3 DE LES DADES, QUINES DADES RECAPTEM i LA SEVA FINALITAT:<\/p>\n\n\n\n<p>Les dades que recollim, la forma en qu\u00e8 els obtenim i la finalitat del tractament \u00e9s la seg\u00fcent:<\/p>\n\n\n\n<p>1. Registre de l&#8217;usuari:<\/p>\n\n\n\n<p>Dades requerides: <strong>nom, cognoms, mail, tel\u00e8fon\u2026<\/strong><\/p>\n\n\n\n<p>Finalitat: <strong>Per qu\u00e8 es demana registre? Comunicacions comercials, newsletter, etc.<\/strong><\/p>\n\n\n\n<p>Legitimaci\u00f3: consentiment de l&#8217;usuari<\/p>\n\n\n\n<p>2. Si compra<strong> (productes que ven l&#8217;empresa)<\/strong>:<\/p>\n\n\n\n<p>Dades requerides: <strong>nom i cognoms, email, tel\u00e8fon i informaci\u00f3 sobre una targeta de cr\u00e8dit o de d\u00e8bit<\/strong>.<\/p>\n\n\n\n<p>Finalitat: <strong>reservar pla\u00e7a, comprar producte, llogar servei\u2026<\/strong><\/p>\n\n\n\n<p>Legitimaci\u00f3: consentiment de l&#8217;usuari<\/p>\n\n\n\n<p>Pot revocar en qualsevol moment el seu consentiment remetent un escrit amb l&#8217;assumpte &#8220;Baixa&#8221; en el mail ressenyat.<\/p>\n\n\n\n<p>D&#8217;acord amb la LSSICE, <strong><strong>Esmetavi SLU<\/strong><\/strong> no realitza pr\u00e0ctiques de SPAM, per tant, no envia correus comercials per e-mail que no hagin estat pr\u00e8viament sol\u00b7licitats o autoritzats per l&#8217;Usuari. En conseq\u00fc\u00e8ncia, en totes les comunicacions que rebr\u00e0 del prestador, l&#8217;usuari t\u00e9 la possibilitat de cancel\u00b7lar el seu consentiment expr\u00e9s per a rebre les nostres comunicacions.<\/p>\n\n\n\n<p>No tractarem les seves dades personals per a cap altre fi de les descrites, excepte per obligaci\u00f3 legal o requeriment judicial.<\/p>\n\n\n\n<p>No ser\u00e0 objecte de decisions basades en tractaments automatitzats que produeixin efectes sobre les seves dades.<\/p>\n\n\n\n<p><strong>TERMINI DE CONSERVACI\u00d3 DE LES DADES:<\/strong><\/p>\n\n\n\n<p>Les seves dades es conservaran mentre duri la relaci\u00f3 comercial amb nosaltres o exerceix el seu dret de cancel\u00b7laci\u00f3 o oposici\u00f3, o limitaci\u00f3 al tractament. No obstant aix\u00f2, conservarem les seves dades en els terminis legalment previstos en les disposicions aplicables.<\/p>\n\n\n\n<p><strong>DESTINATARIS DE CESSIONS O TRANSFER\u00c8NCIES:<\/strong><\/p>\n\n\n\n<p><strong><strong>Esmetavi SLU<\/strong><\/strong> no duu a terme cap cessi\u00f3 o comunicaci\u00f3 de dades ni dins ni fora de la UE. El prestador \u00fanicament facilitar\u00e0 informaci\u00f3 a les forces i cossos de seguretat sota ordre judicial o per obligaci\u00f3 d&#8217;una norma legal, sense perjudici de poder bloquejar o cancel\u00b7lar el seu compte si pot haver-hi indicis de la comissi\u00f3 d&#8217;algun delicte per part de l&#8217;usuari. La informaci\u00f3 facilitada ser\u00e0 nom\u00e9s la que disposi en aquest moment el prestador.<\/p>\n\n\n\n<p>La informaci\u00f3 que ens proporcioni a trav\u00e9s d&#8217;aquest lloc web ser\u00e0 allotjada <strong>(hosting i propietat\/gesti\u00f3 del hosting) <\/strong>sent encarregada del tractament i que presta aquest servei de gesti\u00f3 del programari a <strong><strong>Esmetavi SLU<\/strong><\/strong>. El tractament de les dades de l&#8217;entitat es troba regulat mitjan\u00e7ant un contracte d&#8217;encarregat del tractament entre el prestador i aquesta empresa.\u00a0<\/p>\n\n\n\n<p>DRETS DE LES PERSONES INTERESSADES:<\/p>\n\n\n\n<p>Com a usuari-interessat, pot sol\u00b7licitar l&#8217;exercici dels seg\u00fcents drets davant <strong><strong>Esmetavi SLU<\/strong><\/strong> presentant un escrit a l&#8217;adre\u00e7a postal de l&#8217;encap\u00e7alament o enviant un correu electr\u00f2nic a <strong>info@esmevi.com<\/strong>, indicant com a Assumpte: &#8220;PROTECCI\u00d3 DE DADES: DRETS DELS AFECTATS\u201d.<\/p>\n\n\n\n<p>Drets:<\/p>\n\n\n\n<ul class=\"wp-block-list\">\n<li>Dret d&#8217;acc\u00e9s: permet a l&#8217;interessat con\u00e8ixer i obtenir informaci\u00f3 sobre les seves dades de car\u00e0cter personal sotmesos a tractament.<\/li>\n\n\n\n<li>Dret de rectificaci\u00f3 o supressi\u00f3: permet corregir errors i modificar les dades que resultin ser inexactes o incomplets<\/li>\n\n\n\n<li>Dret de cancel\u00b7laci\u00f3: permet que se suprimeixin les dades que siguin inadequats o excessius<\/li>\n\n\n\n<li>Dret d&#8217;oposici\u00f3: dret de l&#8217;interessat al fet que no es dugui a terme el tractament de les seves dades de car\u00e0cter personal o se cessi en aquest.&nbsp;<\/li>\n\n\n\n<li>Limitaci\u00f3 del tractament: comporta el marcat de les dades personals conservades, amb la finalitat de limitar el seu futur tractament, per a l&#8217;exercici o la defensa de reclamacions.<\/li>\n\n\n\n<li>Portabilitat de les dades: facilitaci\u00f3 de les dades objecte de tractament a l&#8217;interessat, perqu\u00e8 aquest pugui transmetre a un altre responsable, sense impediments.<\/li>\n\n\n\n<li>Dret a no ser objecte de decisions individuals automatitzades (inclosa l&#8217;elaboraci\u00f3 de perfils): dret a no ser objecte d&#8217;una decisi\u00f3 basada en el tractament automatitzat que produeixi efectes o afecti significativament.<\/li>\n<\/ul>\n\n\n\n<p>Com a usuari, t\u00e9 dret a retirar el consentiment donat en qualsevol moment. La retirada del consentiment no afectar\u00e0 la licitud del tractament efectuat abans de la retirada del consentiment.<\/p>\n\n\n\n<p>Tamb\u00e9 t\u00e9 dret a presentar una reclamaci\u00f3 davant l&#8217;autoritat de control si considera que poden haver-se vist vulnerats els seus drets en relaci\u00f3 amb la protecci\u00f3 de les seves dades (aepd.es).<\/p>\n\n\n\n<p><strong>INFORMACI\u00d3 ADDICIONAL<\/strong><\/p>\n\n\n\n<p>MESURES DE SEGURETAT:<\/p>\n\n\n\n<p>Les dades que ens faciliti es tractaran de manera confidencial. El prestador ha adoptat totes les mesures t\u00e8cniques i organitzatives i tots els nivells de protecci\u00f3 necessaris per a garantir la seguretat en el tractament de les dades i evitar la seva alteraci\u00f3, p\u00e8rdua, robatori, tractament o acc\u00e9s no autoritzat, d&#8217;acord amb l&#8217;estat de la tecnologia i naturalesa de les dades emmagatzemades. Aix\u00ed mateix, es garanteix tamb\u00e9 que el tractament i registre en fitxers, programes, sistemes o equips, locals i centres compleixen amb els requisits i condicions d&#8217;integritat i seguretat establertes en la normativa vigent.<\/p>\n\n\n\n<p>IDIOMA<\/p>\n\n\n\n<p>L&#8217;idioma aplicable a aquesta pol\u00edtica de privacitat \u00e9s el castell\u00e0. Per tant, en cas que hi hagu\u00e9s alguna contradicci\u00f3 en alguna de les versions facilitades en altres idiomes, prevaldr\u00e0 la versi\u00f3 en castell\u00e0.<\/p>\n\n\n\n<p>CANVIS EN LA PRESENT POL\u00cdTICA DE PRIVACITAT<\/p>\n\n\n\n<p><strong><strong>Esmetavi SLU<\/strong><\/strong> es reserva el dret a modificar la present pol\u00edtica per a adaptar-la a novetats legislatives o jurisprudencials.<\/p>\n\n\n\n<p>REVOCABILITAT<\/p>\n\n\n\n<p>El consentiment prestat, tant pel tractament com per a la cessi\u00f3 de les dades dels interessats, \u00e9s revocable en qualsevol moment, comunicant-lo a <strong><strong>Esmetavi SLU<\/strong><\/strong> en els termes establerts en aquesta Pol\u00edtica per a l&#8217;exercici dels drets. Aquesta revocaci\u00f3 en cap cas tindr\u00e0 car\u00e0cter retroactiu.<\/p>\n\n\n\n<p>LEGISLACI\u00d3<\/p>\n\n\n\n<p>Amb car\u00e0cter general, les relacions entre <strong><strong>Esmetavi SLU<\/strong><\/strong> amb els Usuaris dels seus serveis telem\u00e0tics, presents en aquesta web, estan sotmesos a la legislaci\u00f3 i jurisdicci\u00f3 espanyola a la qual se sotmeten expressament les parts, sent competents per a la resoluci\u00f3 de tots els conflictes derivats o relacionats amb el seu \u00fas els Jutjats i Tribunals de Barcelona.<\/p>\n","protected":false},"excerpt":{"rendered":"<p>INTRODUCCI\u00d3 La seva privacitat \u00e9s important per a nosaltres, aix\u00ed que, mitjan\u00e7ant aquest document, li expliquem quines dades recollim dels usuaris, com els utilitzem i per a qu\u00e8, entre altres indicacions.&nbsp; Per a la seva informaci\u00f3, mai demanarem m\u00e9s informaci\u00f3 de la que realment necessitarem per als serveis requerits; mai la compartirem amb tercers, excepte [&hellip;]<\/p>\n","protected":false},"author":1,"featured_media":0,"parent":0,"menu_order":0,"comment_status":"closed","ping_status":"open","template":"","meta":{"footnotes":""},"class_list":["post-11445","page","type-page","status-publish","hentry"],"yoast_head":"<!-- This site is optimized with the Yoast SEO plugin v21.9.1 - https:\/\/yoast.com\/wordpress\/plugins\/seo\/ -->\n<title>Pol\u00edtica de privadesa - ESMETAVI SLU<\/title>\n<meta name=\"robots\" content=\"noindex, nofollow\" \/>\n<meta property=\"og:locale\" content=\"ca_ES\" \/>\n<meta property=\"og:type\" content=\"article\" \/>\n<meta property=\"og:title\" content=\"Pol\u00edtica de privadesa - ESMETAVI SLU\" \/>\n<meta property=\"og:description\" content=\"INTRODUCCI\u00d3 La seva privacitat \u00e9s important per a nosaltres, aix\u00ed que, mitjan\u00e7ant aquest document, li expliquem quines dades recollim dels usuaris, com els utilitzem i per a qu\u00e8, entre altres indicacions.&nbsp; Per a la seva informaci\u00f3, mai demanarem m\u00e9s informaci\u00f3 de la que realment necessitarem per als serveis requerits; mai la compartirem amb tercers, excepte [&hellip;]\" \/>\n<meta property=\"og:url\" content=\"https:\/\/esmevi.com\/ca\/politica-de-privadesa\/\" \/>\n<meta property=\"og:site_name\" content=\"ESMETAVI SLU\" \/>\n<meta property=\"article:modified_time\" content=\"2025-09-12T07:46:30+00:00\" \/>\n<meta name=\"twitter:card\" content=\"summary_large_image\" \/>\n<meta name=\"twitter:label1\" content=\"Temps estimat de lectura\" \/>\n\t<meta name=\"twitter:data1\" content=\"6 minuts\" \/>\n<script type=\"application\/ld+json\" class=\"yoast-schema-graph\">{\"@context\":\"https:\/\/schema.org\",\"@graph\":[{\"@type\":\"WebPage\",\"@id\":\"https:\/\/esmevi.com\/ca\/politica-de-privadesa\/\",\"url\":\"https:\/\/esmevi.com\/ca\/politica-de-privadesa\/\",\"name\":\"Pol\u00edtica de privadesa - ESMETAVI SLU\",\"isPartOf\":{\"@id\":\"https:\/\/esmevi.com\/ca\/#website\"},\"datePublished\":\"2023-11-21T21:15:31+00:00\",\"dateModified\":\"2025-09-12T07:46:30+00:00\",\"breadcrumb\":{\"@id\":\"https:\/\/esmevi.com\/ca\/politica-de-privadesa\/#breadcrumb\"},\"inLanguage\":\"ca\",\"potentialAction\":[{\"@type\":\"ReadAction\",\"target\":[\"https:\/\/esmevi.com\/ca\/politica-de-privadesa\/\"]}]},{\"@type\":\"BreadcrumbList\",\"@id\":\"https:\/\/esmevi.com\/ca\/politica-de-privadesa\/#breadcrumb\",\"itemListElement\":[{\"@type\":\"ListItem\",\"position\":1,\"name\":\"Portada\",\"item\":\"https:\/\/esmevi.com\/ca\/\"},{\"@type\":\"ListItem\",\"position\":2,\"name\":\"Pol\u00edtica de privadesa\"}]},{\"@type\":\"WebSite\",\"@id\":\"https:\/\/esmevi.com\/ca\/#website\",\"url\":\"https:\/\/esmevi.com\/ca\/\",\"name\":\"ESMETAVI SLU\",\"description\":\"Virolas met\u00e1licas para mangos\",\"potentialAction\":[{\"@type\":\"SearchAction\",\"target\":{\"@type\":\"EntryPoint\",\"urlTemplate\":\"https:\/\/esmevi.com\/ca\/?s={search_term_string}\"},\"query-input\":\"required name=search_term_string\"}],\"inLanguage\":\"ca\"}]}<\/script>\n<!-- \/ Yoast SEO plugin. -->","yoast_head_json":{"title":"Pol\u00edtica de privadesa - ESMETAVI SLU","robots":{"index":"noindex","follow":"nofollow"},"og_locale":"ca_ES","og_type":"article","og_title":"Pol\u00edtica de privadesa - ESMETAVI SLU","og_description":"INTRODUCCI\u00d3 La seva privacitat \u00e9s important per a nosaltres, aix\u00ed que, mitjan\u00e7ant aquest document, li expliquem quines dades recollim dels usuaris, com els utilitzem i per a qu\u00e8, entre altres indicacions.&nbsp; Per a la seva informaci\u00f3, mai demanarem m\u00e9s informaci\u00f3 de la que realment necessitarem per als serveis requerits; mai la compartirem amb tercers, excepte [&hellip;]","og_url":"https:\/\/esmevi.com\/ca\/politica-de-privadesa\/","og_site_name":"ESMETAVI SLU","article_modified_time":"2025-09-12T07:46:30+00:00","twitter_card":"summary_large_image","twitter_misc":{"Temps estimat de lectura":"6 minuts"},"schema":{"@context":"https:\/\/schema.org","@graph":[{"@type":"WebPage","@id":"https:\/\/esmevi.com\/ca\/politica-de-privadesa\/","url":"https:\/\/esmevi.com\/ca\/politica-de-privadesa\/","name":"Pol\u00edtica de privadesa - ESMETAVI SLU","isPartOf":{"@id":"https:\/\/esmevi.com\/ca\/#website"},"datePublished":"2023-11-21T21:15:31+00:00","dateModified":"2025-09-12T07:46:30+00:00","breadcrumb":{"@id":"https:\/\/esmevi.com\/ca\/politica-de-privadesa\/#breadcrumb"},"inLanguage":"ca","potentialAction":[{"@type":"ReadAction","target":["https:\/\/esmevi.com\/ca\/politica-de-privadesa\/"]}]},{"@type":"BreadcrumbList","@id":"https:\/\/esmevi.com\/ca\/politica-de-privadesa\/#breadcrumb","itemListElement":[{"@type":"ListItem","position":1,"name":"Portada","item":"https:\/\/esmevi.com\/ca\/"},{"@type":"ListItem","position":2,"name":"Pol\u00edtica de privadesa"}]},{"@type":"WebSite","@id":"https:\/\/esmevi.com\/ca\/#website","url":"https:\/\/esmevi.com\/ca\/","name":"ESMETAVI SLU","description":"Virolas met\u00e1licas para mangos","potentialAction":[{"@type":"SearchAction","target":{"@type":"EntryPoint","urlTemplate":"https:\/\/esmevi.com\/ca\/?s={search_term_string}"},"query-input":"required name=search_term_string"}],"inLanguage":"ca"}]}},"_links":{"self":[{"href":"https:\/\/esmevi.com\/ca\/wp-json\/wp\/v2\/pages\/11445","targetHints":{"allow":["GET"]}}],"collection":[{"href":"https:\/\/esmevi.com\/ca\/wp-json\/wp\/v2\/pages"}],"about":[{"href":"https:\/\/esmevi.com\/ca\/wp-json\/wp\/v2\/types\/page"}],"author":[{"embeddable":true,"href":"https:\/\/esmevi.com\/ca\/wp-json\/wp\/v2\/users\/1"}],"replies":[{"embeddable":true,"href":"https:\/\/esmevi.com\/ca\/wp-json\/wp\/v2\/comments?post=11445"}],"version-history":[{"count":4,"href":"https:\/\/esmevi.com\/ca\/wp-json\/wp\/v2\/pages\/11445\/revisions"}],"predecessor-version":[{"id":11974,"href":"https:\/\/esmevi.com\/ca\/wp-json\/wp\/v2\/pages\/11445\/revisions\/11974"}],"wp:attachment":[{"href":"https:\/\/esmevi.com\/ca\/wp-json\/wp\/v2\/media?parent=11445"}],"curies":[{"name":"wp","href":"https:\/\/api.w.org\/{rel}","templated":true}]}}