{"id":11449,"date":"2023-11-25T11:45:47","date_gmt":"2023-11-25T10:45:47","guid":{"rendered":"https:\/\/esmevi.com\/?page_id=11449"},"modified":"2024-05-16T09:46:26","modified_gmt":"2024-05-16T07:46:26","slug":"declaracio-daccessibilitat","status":"publish","type":"page","link":"https:\/\/esmevi.com\/ca\/declaracio-daccessibilitat\/","title":{"rendered":"Declaraci\u00f3 d&#8217;accessibilitat"},"content":{"rendered":"\n<p><strong>Serveis d\u2019Internet Javajan SL<\/strong>,&nbsp; s\u2019ha comprom\u00e8s a fer accessibles els seus llocs web, de conformitat amb el&nbsp; <a href=\"https:\/\/www.boe.es\/buscar\/act.php?id=BOE-A-2018-12699\"><strong>Real Decreto 1112\/2018<\/strong><\/a>, del 7 de setembre, sobre accessibilitat dels llocs web i aplicacions per a dispositius m\u00f2bils, per la qual es trasposa a l&#8217;ordenament jur\u00eddic espanyol la <a href=\"http:\/\/eur-lex.europa.eu\/legal-content\/ES\/TXT\/?uri=uriserv:OJ.L_.2016.327.01.0001.01.SPA&amp;toc=OJ:L:2016:327:FULL\">Directiva (UE) 2016\/2102 del Parlamento Europeo y del Consejo<\/a>.<\/p>\n\n\n\n<p>La present declaraci\u00f3 d\u2019accessibilitat s\u2019aplica al web <a href=\"https:\/\/esmevi.com\">https:\/\/esmevi.com<\/a>&nbsp;<\/p>\n\n\n\n<h2 class=\"wp-block-heading\"><br>Situaci\u00f3 de compliment<\/h2>\n\n\n\n<p>Aquest lloc web \u00e9s parcialment <strong>&nbsp;conforme<\/strong> amb el <a href=\"https:\/\/www.boe.es\/diario_boe\/txt.php?id=BOE-A-2018-12699\"><strong>RD 1112\/2018<\/strong><\/a> a causa de les excepcions i de la manca de conformitat dels aspectes que s&#8217;indiquen a continuaci\u00f3.<\/p>\n\n\n\n<h2 class=\"wp-block-heading\">Contingut no accessible<\/h2>\n\n\n\n<p>El contingut que es recull a continuaci\u00f3 no \u00e9s accessible pel seg\u00fcent:<\/p>\n\n\n\n<ol class=\"wp-block-list\">\n<li><strong>Falta de conformitat amb el&nbsp; RD 1112\/2018<\/strong>\n<ul class=\"wp-block-list\">\n<li>A causa de l&#8217;automatitzaci\u00f3 d&#8217;algunes de les publicacions podrien existir p\u00e0gines amb un incorrecte nidament d&#8217;etiquetes HTML.<\/li>\n\n\n\n<li>Hi ha documents en format PDF que no compleixen amb la normativa.<\/li>\n\n\n\n<li>Podrien haver-hi errors puntuals d&#8217;edici\u00f3 en alguna p\u00e0gina web.<\/li>\n<\/ul>\n<\/li>\n\n\n\n<li><strong>Carga desproporcionada<\/strong>\n<ul class=\"wp-block-list\">\n<li>No aplica.<\/li>\n<\/ul>\n<\/li>\n\n\n\n<li><strong>Contingut que no entra dins de l&#8217;\u00e0mbit de la legislaci\u00f3 aplicable<\/strong>\n<ul class=\"wp-block-list\">\n<li>Fitxers ofim\u00e0tics en PDF o altres formats, aix\u00ed com aplicacions publicades abans del 20 de setembre de 2018 que no compleixin totalment tots els requisits d&#8217;accessibilitat.<\/li>\n\n\n\n<li>Continguts multim\u00e8dia en directe.<\/li>\n\n\n\n<li>Contingut multim\u00e8dia pregravat publicat abans de l&#8217;entrada en vigor del Reial Decret.<\/li>\n\n\n\n<li>Serveis de mapa en l\u00ednia.<\/li>\n<\/ul>\n<\/li>\n<\/ol>\n\n\n\n<h2 class=\"wp-block-heading\">Preparaci\u00f3 d&#8217;aquesta declaraci\u00f3 d&#8217;accessibilitat<\/h2>\n\n\n\n<p>Aquesta declaraci\u00f3 va ser preparada el 24 de maig de 2023 i est\u00e0 basada en els informes d&#8217;accessibilitat web del <a href=\"https:\/\/administracionelectronica.gob.es\/pae_Home\/pae_Estrategias\/pae_Accesibilidad.html\"><strong>Observatorio de Accesibilidad<\/strong><\/a>.<\/p>\n\n\n\n<p>La data de la darrera revisi\u00f3 ha estat el 20 de novembre de 2023.<\/p>\n\n\n\n<h2 class=\"wp-block-heading\">Observacions i dades de contacte<\/h2>\n\n\n\n<p>Podeu realitzar <strong>comunicacions <\/strong>sobre requisits d&#8217;accessibilitat (article 10.2 del RD 1112\/2018) com ara:<\/p>\n\n\n\n<ul class=\"wp-block-list\">\n<li>informar sobre qualsevol possible incompliment per part d&#8217;aquest lloc web<\/li>\n\n\n\n<li>transmitir altres <strong>dificultats d\u2019acc\u00e9s<\/strong> al contingut<\/li>\n\n\n\n<li>formular qualsevol altre <strong>consulta o sugger\u00e8ncia de millora <\/strong>relativa a l\u2019accessibilitat del lloc web.<\/li>\n<\/ul>\n\n\n\n<p>a trav\u00e9s del correu electr\u00f2nic <a href=\"mailto:info@javajan.com\">info@javajan.com<\/a> indicant en l\u2019assumpte el nom de la p\u00e0gina.<\/p>\n\n\n\n<h2 class=\"wp-block-heading\">Contingut opcional<\/h2>\n\n\n\n<p>Aquest lloc web:<\/p>\n\n\n\n<ul class=\"wp-block-list\">\n<li>S&#8217;ha dissenyat adaptant-se als est\u00e0ndards i normatives vigents en relaci\u00f3 amb l&#8217;accessibilitat, complint amb els punts de verificaci\u00f3 de prioritat 2 (AA) definits a l&#8217;especificaci\u00f3 de Pautes d&#8217;Accessibilitat al Contingut a la Web (WCAG 2.1).<\/li>\n\n\n\n<li>Compleix els requisits de la Norma <a href=\"https:\/\/administracionelectronica.gob.es\/pae_Home\/dam\/jcr:2352eaaf-2ee8-4501-a67b-bb682c6de934\/Norma_UNE-EN_301549.pdf\">UNE-EN 301549 v1.1.2:2015<\/a>, considerant les excepcions del Real Decreto 1112\/2018.<\/li>\n\n\n\n<li>Est\u00e0 dissenyat per a la seva correcta visualitzaci\u00f3 en dispositius d\u2019escriptori, tablet i m\u00f2bils per a una resoluci\u00f3 m\u00ednima de <strong>1280&#215;1024.<\/strong><\/li>\n\n\n\n<li>S&#8217;ha realitzat utilitzant HTML5 com a llenguatge de marcatge i fulls d&#8217;estil CSS 3 pel disseny.<\/li>\n<\/ul>\n","protected":false},"excerpt":{"rendered":"<p>Serveis d\u2019Internet Javajan SL,&nbsp; s\u2019ha comprom\u00e8s a fer accessibles els seus llocs web, de conformitat amb el&nbsp; Real Decreto 1112\/2018, del 7 de setembre, sobre accessibilitat dels llocs web i aplicacions per a dispositius m\u00f2bils, per la qual es trasposa a l&#8217;ordenament jur\u00eddic espanyol la Directiva (UE) 2016\/2102 del Parlamento Europeo y del Consejo. La [&hellip;]<\/p>\n","protected":false},"author":1,"featured_media":0,"parent":0,"menu_order":0,"comment_status":"closed","ping_status":"closed","template":"","meta":{"footnotes":""},"class_list":["post-11449","page","type-page","status-publish","hentry"],"yoast_head":"<!-- This site is optimized with the Yoast SEO plugin v21.9.1 - https:\/\/yoast.com\/wordpress\/plugins\/seo\/ -->\n<title>Declaraci\u00f3 d&#039;accessibilitat - ESMETAVI SLU<\/title>\n<meta name=\"robots\" content=\"noindex, nofollow\" \/>\n<meta property=\"og:locale\" content=\"ca_ES\" \/>\n<meta property=\"og:type\" content=\"article\" \/>\n<meta property=\"og:title\" content=\"Declaraci\u00f3 d&#039;accessibilitat - ESMETAVI SLU\" \/>\n<meta property=\"og:description\" content=\"Serveis d\u2019Internet Javajan SL,&nbsp; s\u2019ha comprom\u00e8s a fer accessibles els seus llocs web, de conformitat amb el&nbsp; Real Decreto 1112\/2018, del 7 de setembre, sobre accessibilitat dels llocs web i aplicacions per a dispositius m\u00f2bils, per la qual es trasposa a l&#8217;ordenament jur\u00eddic espanyol la Directiva (UE) 2016\/2102 del Parlamento Europeo y del Consejo. La [&hellip;]\" \/>\n<meta property=\"og:url\" content=\"https:\/\/esmevi.com\/ca\/declaracio-daccessibilitat\/\" \/>\n<meta property=\"og:site_name\" content=\"ESMETAVI SLU\" \/>\n<meta property=\"article:modified_time\" content=\"2024-05-16T07:46:26+00:00\" \/>\n<meta name=\"twitter:card\" content=\"summary_large_image\" \/>\n<meta name=\"twitter:label1\" content=\"Temps estimat de lectura\" \/>\n\t<meta name=\"twitter:data1\" content=\"2 minuts\" \/>\n<script type=\"application\/ld+json\" class=\"yoast-schema-graph\">{\"@context\":\"https:\/\/schema.org\",\"@graph\":[{\"@type\":\"WebPage\",\"@id\":\"https:\/\/esmevi.com\/ca\/declaracio-daccessibilitat\/\",\"url\":\"https:\/\/esmevi.com\/ca\/declaracio-daccessibilitat\/\",\"name\":\"Declaraci\u00f3 d'accessibilitat - ESMETAVI SLU\",\"isPartOf\":{\"@id\":\"https:\/\/esmevi.com\/ca\/#website\"},\"datePublished\":\"2023-11-25T10:45:47+00:00\",\"dateModified\":\"2024-05-16T07:46:26+00:00\",\"breadcrumb\":{\"@id\":\"https:\/\/esmevi.com\/ca\/declaracio-daccessibilitat\/#breadcrumb\"},\"inLanguage\":\"ca\",\"potentialAction\":[{\"@type\":\"ReadAction\",\"target\":[\"https:\/\/esmevi.com\/ca\/declaracio-daccessibilitat\/\"]}]},{\"@type\":\"BreadcrumbList\",\"@id\":\"https:\/\/esmevi.com\/ca\/declaracio-daccessibilitat\/#breadcrumb\",\"itemListElement\":[{\"@type\":\"ListItem\",\"position\":1,\"name\":\"Portada\",\"item\":\"https:\/\/esmevi.com\/ca\/\"},{\"@type\":\"ListItem\",\"position\":2,\"name\":\"Declaraci\u00f3 d&#8217;accessibilitat\"}]},{\"@type\":\"WebSite\",\"@id\":\"https:\/\/esmevi.com\/ca\/#website\",\"url\":\"https:\/\/esmevi.com\/ca\/\",\"name\":\"ESMETAVI SLU\",\"description\":\"Virolas met\u00e1licas para mangos\",\"potentialAction\":[{\"@type\":\"SearchAction\",\"target\":{\"@type\":\"EntryPoint\",\"urlTemplate\":\"https:\/\/esmevi.com\/ca\/?s={search_term_string}\"},\"query-input\":\"required name=search_term_string\"}],\"inLanguage\":\"ca\"}]}<\/script>\n<!-- \/ Yoast SEO plugin. -->","yoast_head_json":{"title":"Declaraci\u00f3 d'accessibilitat - ESMETAVI SLU","robots":{"index":"noindex","follow":"nofollow"},"og_locale":"ca_ES","og_type":"article","og_title":"Declaraci\u00f3 d'accessibilitat - ESMETAVI SLU","og_description":"Serveis d\u2019Internet Javajan SL,&nbsp; s\u2019ha comprom\u00e8s a fer accessibles els seus llocs web, de conformitat amb el&nbsp; Real Decreto 1112\/2018, del 7 de setembre, sobre accessibilitat dels llocs web i aplicacions per a dispositius m\u00f2bils, per la qual es trasposa a l&#8217;ordenament jur\u00eddic espanyol la Directiva (UE) 2016\/2102 del Parlamento Europeo y del Consejo. La [&hellip;]","og_url":"https:\/\/esmevi.com\/ca\/declaracio-daccessibilitat\/","og_site_name":"ESMETAVI SLU","article_modified_time":"2024-05-16T07:46:26+00:00","twitter_card":"summary_large_image","twitter_misc":{"Temps estimat de lectura":"2 minuts"},"schema":{"@context":"https:\/\/schema.org","@graph":[{"@type":"WebPage","@id":"https:\/\/esmevi.com\/ca\/declaracio-daccessibilitat\/","url":"https:\/\/esmevi.com\/ca\/declaracio-daccessibilitat\/","name":"Declaraci\u00f3 d'accessibilitat - ESMETAVI SLU","isPartOf":{"@id":"https:\/\/esmevi.com\/ca\/#website"},"datePublished":"2023-11-25T10:45:47+00:00","dateModified":"2024-05-16T07:46:26+00:00","breadcrumb":{"@id":"https:\/\/esmevi.com\/ca\/declaracio-daccessibilitat\/#breadcrumb"},"inLanguage":"ca","potentialAction":[{"@type":"ReadAction","target":["https:\/\/esmevi.com\/ca\/declaracio-daccessibilitat\/"]}]},{"@type":"BreadcrumbList","@id":"https:\/\/esmevi.com\/ca\/declaracio-daccessibilitat\/#breadcrumb","itemListElement":[{"@type":"ListItem","position":1,"name":"Portada","item":"https:\/\/esmevi.com\/ca\/"},{"@type":"ListItem","position":2,"name":"Declaraci\u00f3 d&#8217;accessibilitat"}]},{"@type":"WebSite","@id":"https:\/\/esmevi.com\/ca\/#website","url":"https:\/\/esmevi.com\/ca\/","name":"ESMETAVI SLU","description":"Virolas met\u00e1licas para mangos","potentialAction":[{"@type":"SearchAction","target":{"@type":"EntryPoint","urlTemplate":"https:\/\/esmevi.com\/ca\/?s={search_term_string}"},"query-input":"required name=search_term_string"}],"inLanguage":"ca"}]}},"_links":{"self":[{"href":"https:\/\/esmevi.com\/ca\/wp-json\/wp\/v2\/pages\/11449","targetHints":{"allow":["GET"]}}],"collection":[{"href":"https:\/\/esmevi.com\/ca\/wp-json\/wp\/v2\/pages"}],"about":[{"href":"https:\/\/esmevi.com\/ca\/wp-json\/wp\/v2\/types\/page"}],"author":[{"embeddable":true,"href":"https:\/\/esmevi.com\/ca\/wp-json\/wp\/v2\/users\/1"}],"replies":[{"embeddable":true,"href":"https:\/\/esmevi.com\/ca\/wp-json\/wp\/v2\/comments?post=11449"}],"version-history":[{"count":1,"href":"https:\/\/esmevi.com\/ca\/wp-json\/wp\/v2\/pages\/11449\/revisions"}],"predecessor-version":[{"id":11612,"href":"https:\/\/esmevi.com\/ca\/wp-json\/wp\/v2\/pages\/11449\/revisions\/11612"}],"wp:attachment":[{"href":"https:\/\/esmevi.com\/ca\/wp-json\/wp\/v2\/media?parent=11449"}],"curies":[{"name":"wp","href":"https:\/\/api.w.org\/{rel}","templated":true}]}}